{"id":1255,"date":"2026-02-21T15:06:30","date_gmt":"2026-02-21T15:06:30","guid":{"rendered":"https:\/\/nolk.ee\/?page_id=1255"},"modified":"2026-03-31T16:57:24","modified_gmt":"2026-03-31T14:57:24","slug":"saatmine","status":"publish","type":"page","link":"https:\/\/nolk.ee\/en\/saatmine\/","title":{"rendered":"Shipping"},"content":{"rendered":"<div data-elementor-type=\"wp-page\" data-elementor-id=\"1255\" class=\"elementor elementor-1255\">\n\t\t\t\t<div class=\"elementor-element elementor-element-04863d6 e-flex e-con-boxed e-con e-parent\" data-id=\"04863d6\" data-element_type=\"container\" data-e-type=\"container\">\n\t\t\t\t\t<div class=\"e-con-inner\">\n\t\t\t\t<div class=\"elementor-element elementor-element-58b02e5 elementor-widget elementor-widget-spacer\" data-id=\"58b02e5\" data-element_type=\"widget\" data-e-type=\"widget\" data-widget_type=\"spacer.default\">\n\t\t\t\t<div class=\"elementor-widget-container\">\n\t\t\t\t\t\t\t<div class=\"elementor-spacer\">\n\t\t\t<div class=\"elementor-spacer-inner\"><\/div>\n\t\t<\/div>\n\t\t\t\t\t\t<\/div>\n\t\t\t\t<\/div>\n\t\t\t\t<div class=\"elementor-element elementor-element-2eefa5e elementor-widget elementor-widget-text-editor\" data-id=\"2eefa5e\" data-element_type=\"widget\" data-e-type=\"widget\" data-widget_type=\"text-editor.default\">\n\t\t\t\t<div class=\"elementor-widget-container\">\n\t\t\t\t\t\t\t\t\t<h3 id=\"privaatsuspoliitika-n\u00e4idis\">Shipping<\/h3>\n<p><span style=\"font-style: inherit;\"><b>1.<\/b> When choosing<\/span><span style=\"font-style: inherit;\"><b> \"Pick up\"<\/b>,<\/span><span style=\"font-style: inherit;\"> we will agree with you by e-mail or phone, the time and place of collection<\/span><span style=\"font-style: inherit;\">.<\/span><\/p>\n<p><span style=\"font-style: inherit;\"><b>2.<\/b> Shipping <\/span><span style=\"font-style: inherit;\">is arranged<\/span><strong style=\"font-style: inherit;\"> with Omniva parcel machines within Estonia, Latvia, Lithuania and Finland. <\/strong><span style=\"font-style: inherit;\">Shipping costs vary by country and can be seen at checkout.<\/span><strong style=\"font-style: inherit;\">&nbsp;<\/strong><\/p>\n<p><strong style=\"font-style: inherit;\">3. <\/strong><span style=\"font-style: inherit;\">Shipping time&nbsp;<\/span><span style=\"font-style: inherit;\">in Estonia is<\/span><strong style=\"font-style: inherit;\"> 1-3 working days. <\/strong><span style=\"font-style: inherit;\">To Latvia, Lithuania and Finland, up to<\/span><strong style=\"font-style: inherit;\">&nbsp;3-6 working days<\/strong><\/p>\n<p class=\"translation-block\"><strong>4.<\/strong> If you choose <strong>Google Pay<\/strong> as the payment method, we will send the goods to the nearest <strong>Omniva parcel machine<\/strong> to your Google Pay address. When paying, make sure that the information in Google Pay is correct.<\/p>\t\t\t\t\t\t\t\t<\/div>\n\t\t\t\t<\/div>\n\t\t\t\t\t<\/div>\n\t\t\t\t<\/div>\n\t\t\t\t<\/div>","protected":false},"excerpt":{"rendered":"<p>Saatmine 1. Valides k\u00e4ttesaamiseks &#8220;Tulen ise j\u00e4rgi&#8221;, lepime teiega meili v\u00f5i telefoni teel kokku, k\u00e4ttesaamise aja ja koha. 2. Saatmine [&hellip;]<\/p>\n","protected":false},"author":1,"featured_media":0,"parent":0,"menu_order":0,"comment_status":"closed","ping_status":"closed","template":"","meta":{"_uag_custom_page_level_css":"","site-sidebar-layout":"no-sidebar","site-content-layout":"","ast-site-content-layout":"full-width-container","site-content-style":"default","site-sidebar-style":"default","ast-global-header-display":"","ast-banner-title-visibility":"","ast-main-header-display":"","ast-hfb-above-header-display":"","ast-hfb-below-header-display":"","ast-hfb-mobile-header-display":"","site-post-title":"","ast-breadcrumbs-content":"","ast-featured-img":"disabled","footer-sml-layout":"","ast-disable-related-posts":"","theme-transparent-header-meta":"","adv-header-id-meta":"","stick-header-meta":"","header-above-stick-meta":"","header-main-stick-meta":"","header-below-stick-meta":"","astra-migrate-meta-layouts":"default","ast-page-background-enabled":"default","ast-page-background-meta":{"desktop":{"background-color":"var(--ast-global-color-4)","background-image":"","background-repeat":"repeat","background-position":"center center","background-size":"auto","background-attachment":"scroll","background-type":"","background-media":"","overlay-type":"","overlay-color":"","overlay-opacity":"","overlay-gradient":""},"tablet":{"background-color":"","background-image":"","background-repeat":"repeat","background-position":"center center","background-size":"auto","background-attachment":"scroll","background-type":"","background-media":"","overlay-type":"","overlay-color":"","overlay-opacity":"","overlay-gradient":""},"mobile":{"background-color":"","background-image":"","background-repeat":"repeat","background-position":"center center","background-size":"auto","background-attachment":"scroll","background-type":"","background-media":"","overlay-type":"","overlay-color":"","overlay-opacity":"","overlay-gradient":""}},"ast-content-background-meta":{"desktop":{"background-color":"var(--ast-global-color-5)","background-image":"","background-repeat":"repeat","background-position":"center center","background-size":"auto","background-attachment":"scroll","background-type":"","background-media":"","overlay-type":"","overlay-color":"","overlay-opacity":"","overlay-gradient":""},"tablet":{"background-color":"var(--ast-global-color-5)","background-image":"","background-repeat":"repeat","background-position":"center center","background-size":"auto","background-attachment":"scroll","background-type":"","background-media":"","overlay-type":"","overlay-color":"","overlay-opacity":"","overlay-gradient":""},"mobile":{"background-color":"var(--ast-global-color-5)","background-image":"","background-repeat":"repeat","background-position":"center center","background-size":"auto","background-attachment":"scroll","background-type":"","background-media":"","overlay-type":"","overlay-color":"","overlay-opacity":"","overlay-gradient":""}},"footnotes":""},"class_list":["post-1255","page","type-page","status-publish","hentry"],"uagb_featured_image_src":{"full":false,"thumbnail":false,"medium":false,"medium_large":false,"large":false,"1536x1536":false,"2048x2048":false,"trp-custom-language-flag":false,"woocommerce_thumbnail":false,"woocommerce_single":false,"woocommerce_gallery_thumbnail":false},"uagb_author_info":{"display_name":"NOLK","author_link":"https:\/\/nolk.ee\/en\/author\/nolk\/"},"uagb_comment_info":0,"uagb_excerpt":"Saatmine 1. Valides k\u00e4ttesaamiseks &#8220;Tulen ise j\u00e4rgi&#8221;, lepime teiega meili v\u00f5i telefoni teel kokku, k\u00e4ttesaamise aja ja koha. 2. Saatmine [&hellip;]","jetpack_sharing_enabled":true,"_links":{"self":[{"href":"https:\/\/nolk.ee\/en\/wp-json\/wp\/v2\/pages\/1255","targetHints":{"allow":["GET"]}}],"collection":[{"href":"https:\/\/nolk.ee\/en\/wp-json\/wp\/v2\/pages"}],"about":[{"href":"https:\/\/nolk.ee\/en\/wp-json\/wp\/v2\/types\/page"}],"author":[{"embeddable":true,"href":"https:\/\/nolk.ee\/en\/wp-json\/wp\/v2\/users\/1"}],"replies":[{"embeddable":true,"href":"https:\/\/nolk.ee\/en\/wp-json\/wp\/v2\/comments?post=1255"}],"version-history":[{"count":11,"href":"https:\/\/nolk.ee\/en\/wp-json\/wp\/v2\/pages\/1255\/revisions"}],"predecessor-version":[{"id":2064,"href":"https:\/\/nolk.ee\/en\/wp-json\/wp\/v2\/pages\/1255\/revisions\/2064"}],"wp:attachment":[{"href":"https:\/\/nolk.ee\/en\/wp-json\/wp\/v2\/media?parent=1255"}],"curies":[{"name":"wp","href":"https:\/\/api.w.org\/{rel}","templated":true}]}}