{"id":1293,"date":"2026-02-22T19:39:00","date_gmt":"2026-02-22T19:39:00","guid":{"rendered":"https:\/\/nolk.ee\/?page_id=1293"},"modified":"2026-03-31T16:56:18","modified_gmt":"2026-03-31T14:56:18","slug":"ostutingimused","status":"publish","type":"page","link":"https:\/\/nolk.ee\/en\/ostutingimused\/","title":{"rendered":"Terms of service"},"content":{"rendered":"<div data-elementor-type=\"wp-page\" data-elementor-id=\"1293\" class=\"elementor elementor-1293\">\n\t\t\t\t<div class=\"elementor-element elementor-element-0585d96 e-flex e-con-boxed e-con e-parent\" data-id=\"0585d96\" data-element_type=\"container\" data-e-type=\"container\">\n\t\t\t\t\t<div class=\"e-con-inner\">\n\t\t\t\t<div class=\"elementor-element elementor-element-cb219b8 elementor-widget elementor-widget-spacer\" data-id=\"cb219b8\" data-element_type=\"widget\" data-e-type=\"widget\" data-widget_type=\"spacer.default\">\n\t\t\t\t<div class=\"elementor-widget-container\">\n\t\t\t\t\t\t\t<div class=\"elementor-spacer\">\n\t\t\t<div class=\"elementor-spacer-inner\"><\/div>\n\t\t<\/div>\n\t\t\t\t\t\t<\/div>\n\t\t\t\t<\/div>\n\t\t\t\t\t<\/div>\n\t\t\t\t<\/div>\n\t\t<div class=\"elementor-element elementor-element-a511583 e-flex e-con-boxed e-con e-parent\" data-id=\"a511583\" data-element_type=\"container\" data-e-type=\"container\">\n\t\t\t\t\t<div class=\"e-con-inner\">\n\t\t\t\t<div class=\"elementor-element elementor-element-bdd5d1b elementor-widget elementor-widget-text-editor\" data-id=\"bdd5d1b\" data-element_type=\"widget\" data-e-type=\"widget\" data-widget_type=\"text-editor.default\">\n\t\t\t\t<div class=\"elementor-widget-container\">\n\t\t\t\t\t\t\t\t\t<div data-sfc-cp=\"\" data-hveid=\"CAIQAA\" data-processed=\"true\"><h3 id=\"privaatsuspoliitika-n\u00e4idis\">Nolk Lures online store purchase conditions<\/h3><p><strong style=\"font-size: 16px;\" data-processed=\"true\">1. General provisions<\/strong><\/p><\/div><div data-sfc-cp=\"\" data-hveid=\"CAMQAA\" data-processed=\"true\">1.1. The terms and conditions of sale apply between the online store <strong>Nolk.ee<\/strong> (hereinafter Webshop) <strong>Nolk Lures O\u00dc<\/strong> (reg. code <b>17411581<\/b>, location <b>Hiiumaa, K\u00f5rgessaare 92201, N\u00e4kmani 1-5<\/b>) and between customer<\/div><div data-sfc-cp=\"\" data-hveid=\"CAMQAA\" data-processed=\"true\">\u00a0<\/div><div data-sfc-cp=\"\" data-hveid=\"CAMQAA\" data-processed=\"true\">1.2. Prices are in euros and include VAT.<\/div><div data-sfc-cp=\"\" data-hveid=\"CAQQAA\" data-processed=\"true\">\u00a0<\/div><div data-sfc-cp=\"\" data-hveid=\"CAQQAA\" data-processed=\"true\"><strong data-processed=\"true\">2. Placing an order<\/strong><\/div><div data-sfc-cp=\"\" data-hveid=\"CAQQAA\" data-processed=\"true\">\u00a0<\/div><div data-sfc-cp=\"\" data-hveid=\"CAQQAA\" data-processed=\"true\">2.1. To order goods, add the products to the shopping cart and fill in the required data fields.<\/div><div data-sfc-cp=\"\" data-hveid=\"CAQQAA\" data-processed=\"true\">\u00a0<\/div><div data-sfc-cp=\"\" data-hveid=\"CAQQAA\" data-processed=\"true\">2.2. The order is confirmed after payment has been made.<\/div><div data-sfc-cp=\"\" data-hveid=\"CAUQAA\" data-processed=\"true\">\u00a0<\/div><div data-sfc-cp=\"\" data-hveid=\"CAUQAA\" data-processed=\"true\"><strong data-processed=\"true\">3. Delivery<\/strong><\/div><div data-sfc-cp=\"\" data-hveid=\"CAUQAA\" data-processed=\"true\">\u00a0<\/div><div data-sfc-cp=\"\" data-hveid=\"CAUQAA\" data-processed=\"true\">3.1. The goods will be shipped to: <strong>Estonia, Latvia, Lithuania, Finland.<\/strong><\/div><div data-sfc-cp=\"\" data-hveid=\"CAUQAA\" data-processed=\"true\">\u00a0<\/div><div data-sfc-cp=\"\" data-hveid=\"CAUQAA\" data-processed=\"true\">3.2. Delivery methods: <strong>Omniva parcel machines.<\/strong><\/div><div data-sfc-cp=\"\" data-hveid=\"CAUQAA\" data-processed=\"true\">\u00a0<\/div><div data-sfc-cp=\"\" data-hveid=\"CAUQAA\" data-processed=\"true\">3.3. Delivery time in Estonia: <strong>1-3 working days. Elsewhere up to 6 working days<\/strong><\/div><div data-sfc-cp=\"\" data-hveid=\"CAYQAA\" data-processed=\"true\">\u00a0<\/div><div data-sfc-cp=\"\" data-hveid=\"CAYQAA\" data-processed=\"true\"><strong data-processed=\"true\">4. Right of return<\/strong><\/div><div data-sfc-cp=\"\" data-hveid=\"CAYQAA\" data-processed=\"true\">\u00a0<\/div><div data-sfc-cp=\"\" data-hveid=\"CAYQAA\" data-processed=\"true\">4.1. The buyer has the right to withdraw from the contract within 14 days by notifying the seller by e-mail. <strong>nolklures@gmail.com<\/strong>.<\/div><div data-sfc-cp=\"\" data-hveid=\"CAYQAA\" data-processed=\"true\">\u00a0<\/div><div data-sfc-cp=\"\" data-hveid=\"CAYQAA\" data-processed=\"true\">4.2. The returned goods must be unused and in their original packaging. The buyer is responsible for the return costs.<\/div><div data-sfc-cp=\"\" data-hveid=\"CAcQAA\" data-processed=\"true\">\u00a0<\/div><div data-sfc-cp=\"\" data-hveid=\"CAcQAA\" data-processed=\"true\"><strong data-processed=\"true\">5. Right to file a claim<\/strong><\/div><div data-sfc-cp=\"\" data-hveid=\"CAcQAA\" data-processed=\"true\">\u00a0<\/div><div data-sfc-cp=\"\" data-hveid=\"CAcQAA\" data-processed=\"true\">5.1. The online store is liable for non-compliance of the goods with the terms of the contract within 90 days.<\/div><div data-sfc-cp=\"\" data-hveid=\"CAgQAA\" data-processed=\"true\">\u00a0<\/div><div data-sfc-cp=\"\" data-hveid=\"CAgQAA\" data-processed=\"true\"><strong data-processed=\"true\">6. Processing of personal data<\/strong><\/div><div data-sfc-cp=\"\" data-hveid=\"CAgQAA\" data-processed=\"true\">\u00a0<\/div><div data-sfc-cp=\"\" data-hveid=\"CAgQAA\" data-processed=\"true\">6.1. The online store uses personal data only to fulfill the order and deliver the goods.<\/div><div data-sfc-cp=\"\" data-hveid=\"CAkQAA\" data-processed=\"true\">\u00a0<\/div><div data-sfc-cp=\"\" data-hveid=\"CAkQAA\" data-processed=\"true\"><strong data-processed=\"true\">7. Dispute resolution<\/strong><\/div><div data-sfc-cp=\"\" data-hveid=\"CAkQAA\" data-processed=\"true\">\u00a0<\/div><div data-sfc-cp=\"\" data-hveid=\"CAkQAA\" data-processed=\"true\">7.1. Send complaints to the e-mail address <strong>nolklures@gmail.com<\/strong>. If the dispute cannot be resolved, the buyer has the right to contact the Consumer Protection and Technical Surveillance Authority.<\/div>\t\t\t\t\t\t\t\t<\/div>\n\t\t\t\t<\/div>\n\t\t\t\t\t<\/div>\n\t\t\t\t<\/div>\n\t\t\t\t<\/div>","protected":false},"excerpt":{"rendered":"<p>Nolk Lures veebipoe ostutingimused 1. \u00dclds\u00e4tted 1.1. M\u00fc\u00fcgitingimused kehtivad veebipoe Nolk.ee (edaspidi Veebipood) Nolk Lures O\u00dc (reg kood 17411581, asukoht [&hellip;]<\/p>\n","protected":false},"author":1,"featured_media":0,"parent":0,"menu_order":0,"comment_status":"closed","ping_status":"closed","template":"","meta":{"_uag_custom_page_level_css":"","site-sidebar-layout":"no-sidebar","site-content-layout":"","ast-site-content-layout":"full-width-container","site-content-style":"default","site-sidebar-style":"default","ast-global-header-display":"","ast-banner-title-visibility":"","ast-main-header-display":"","ast-hfb-above-header-display":"","ast-hfb-below-header-display":"","ast-hfb-mobile-header-display":"","site-post-title":"","ast-breadcrumbs-content":"","ast-featured-img":"disabled","footer-sml-layout":"","ast-disable-related-posts":"","theme-transparent-header-meta":"","adv-header-id-meta":"","stick-header-meta":"","header-above-stick-meta":"","header-main-stick-meta":"","header-below-stick-meta":"","astra-migrate-meta-layouts":"default","ast-page-background-enabled":"default","ast-page-background-meta":{"desktop":{"background-color":"var(--ast-global-color-4)","background-image":"","background-repeat":"repeat","background-position":"center center","background-size":"auto","background-attachment":"scroll","background-type":"","background-media":"","overlay-type":"","overlay-color":"","overlay-opacity":"","overlay-gradient":""},"tablet":{"background-color":"","background-image":"","background-repeat":"repeat","background-position":"center center","background-size":"auto","background-attachment":"scroll","background-type":"","background-media":"","overlay-type":"","overlay-color":"","overlay-opacity":"","overlay-gradient":""},"mobile":{"background-color":"","background-image":"","background-repeat":"repeat","background-position":"center center","background-size":"auto","background-attachment":"scroll","background-type":"","background-media":"","overlay-type":"","overlay-color":"","overlay-opacity":"","overlay-gradient":""}},"ast-content-background-meta":{"desktop":{"background-color":"var(--ast-global-color-5)","background-image":"","background-repeat":"repeat","background-position":"center center","background-size":"auto","background-attachment":"scroll","background-type":"","background-media":"","overlay-type":"","overlay-color":"","overlay-opacity":"","overlay-gradient":""},"tablet":{"background-color":"var(--ast-global-color-5)","background-image":"","background-repeat":"repeat","background-position":"center center","background-size":"auto","background-attachment":"scroll","background-type":"","background-media":"","overlay-type":"","overlay-color":"","overlay-opacity":"","overlay-gradient":""},"mobile":{"background-color":"var(--ast-global-color-5)","background-image":"","background-repeat":"repeat","background-position":"center center","background-size":"auto","background-attachment":"scroll","background-type":"","background-media":"","overlay-type":"","overlay-color":"","overlay-opacity":"","overlay-gradient":""}},"footnotes":""},"class_list":["post-1293","page","type-page","status-publish","hentry"],"uagb_featured_image_src":{"full":false,"thumbnail":false,"medium":false,"medium_large":false,"large":false,"1536x1536":false,"2048x2048":false,"trp-custom-language-flag":false,"woocommerce_thumbnail":false,"woocommerce_single":false,"woocommerce_gallery_thumbnail":false},"uagb_author_info":{"display_name":"NOLK","author_link":"https:\/\/nolk.ee\/en\/author\/nolk\/"},"uagb_comment_info":0,"uagb_excerpt":"Nolk Lures veebipoe ostutingimused 1. \u00dclds\u00e4tted 1.1. M\u00fc\u00fcgitingimused kehtivad veebipoe Nolk.ee (edaspidi Veebipood) Nolk Lures O\u00dc (reg kood 17411581, asukoht [&hellip;]","jetpack_sharing_enabled":true,"_links":{"self":[{"href":"https:\/\/nolk.ee\/en\/wp-json\/wp\/v2\/pages\/1293","targetHints":{"allow":["GET"]}}],"collection":[{"href":"https:\/\/nolk.ee\/en\/wp-json\/wp\/v2\/pages"}],"about":[{"href":"https:\/\/nolk.ee\/en\/wp-json\/wp\/v2\/types\/page"}],"author":[{"embeddable":true,"href":"https:\/\/nolk.ee\/en\/wp-json\/wp\/v2\/users\/1"}],"replies":[{"embeddable":true,"href":"https:\/\/nolk.ee\/en\/wp-json\/wp\/v2\/comments?post=1293"}],"version-history":[{"count":8,"href":"https:\/\/nolk.ee\/en\/wp-json\/wp\/v2\/pages\/1293\/revisions"}],"predecessor-version":[{"id":2061,"href":"https:\/\/nolk.ee\/en\/wp-json\/wp\/v2\/pages\/1293\/revisions\/2061"}],"wp:attachment":[{"href":"https:\/\/nolk.ee\/en\/wp-json\/wp\/v2\/media?parent=1293"}],"curies":[{"name":"wp","href":"https:\/\/api.w.org\/{rel}","templated":true}]}}